{"id":141,"date":"2026-02-06T11:47:14","date_gmt":"2026-02-06T11:47:14","guid":{"rendered":"https:\/\/banje.dpv.rs\/?page_id=141"},"modified":"2026-03-02T18:28:20","modified_gmt":"2026-03-02T18:28:20","slug":"o-nama","status":"publish","type":"page","link":"https:\/\/banje.dpv.rs\/index.php\/o-nama\/","title":{"rendered":"O nama"},"content":{"rendered":"\t\t<div data-elementor-type=\"wp-page\" data-elementor-id=\"141\" class=\"elementor elementor-141\" data-elementor-post-type=\"page\">\n\t\t\t\t<div class=\"elementor-element elementor-element-1b1610a e-flex e-con-boxed e-con e-parent\" data-id=\"1b1610a\" data-element_type=\"container\" data-e-type=\"container\" data-settings=\"{&quot;background_background&quot;:&quot;classic&quot;}\">\n\t\t\t\t\t<div class=\"e-con-inner\">\n\t\t\t\t<div class=\"elementor-element elementor-element-a1b60ff elementor-widget elementor-widget-heading\" data-id=\"a1b60ff\" data-element_type=\"widget\" data-e-type=\"widget\" data-widget_type=\"heading.default\">\n\t\t\t\t\t<h1 class=\"elementor-heading-title elementor-size-default\">O nama<\/h1>\t\t\t\t<\/div>\n\t\t\t\t\t<\/div>\n\t\t\t\t<\/div>\n\t\t<div class=\"elementor-element elementor-element-c0a0367 e-flex e-con-boxed e-con e-parent\" data-id=\"c0a0367\" data-element_type=\"container\" data-e-type=\"container\">\n\t\t\t\t\t<div class=\"e-con-inner\">\n\t\t\t\t<div class=\"elementor-element elementor-element-75eb107 elementor-widget elementor-widget-heading\" data-id=\"75eb107\" data-element_type=\"widget\" data-e-type=\"widget\" data-widget_type=\"heading.default\">\n\t\t\t\t\t<h2 class=\"elementor-heading-title elementor-size-default\">Udru\u017eenje specijalizovanih zdravstvenih ustanova za prevenciju invalidnosti i rehabilitaciju<\/h2>\t\t\t\t<\/div>\n\t\t\t\t<div class=\"elementor-element elementor-element-ccc9ad9 elementor-widget elementor-widget-text-editor\" data-id=\"ccc9ad9\" data-element_type=\"widget\" data-e-type=\"widget\" data-widget_type=\"text-editor.default\">\n\t\t\t\t\t\t\t\t\t<p>Banje su u rimsko vreme bile izvor zdravlja, oaze mira, ti\u0161ine, \u010distog vazduha u kojima se \u010dovek oporavljao, odmarao, le\u010dio, sna\u017eio, oja\u010davao otpornost organizma, rekreirao, zabavljao.<\/p><p>Sa vi\u0161e od 140 termo mineralnih izvora i 40 banja i njihovom raznoliko\u0161\u0107u,\u00a0<strong>Srbija se ubraja me\u0111u najbogatije zemlje u Evropi.<\/strong><\/p><p>Zdravstveni turizam je oduvek zauzimao veoma visoko mesto kad god je bilo re\u010di o privrednim potencijalima Srbije. Da bi se takav potencijal pokrenuo neophodan je koordinisan i konstantan rad kako turisti\u010dkih i zdravstvenih radnika, tako i odgovaraju\u0107ih istitucija. Iz te potrebe osnovano je\u00a0<strong>Udru\u017eenje specijalizovanih zdravstvenih ustanova za prevenciju invalidnosti i rehabilitaciju.<\/strong><\/p><p><strong>Udru\u017eenje je nastalo 1979. godine<\/strong>\u00a0sa ciljem da pomogne \u010dlanicama u njihovom razvoju, da \u0161titi njihove zajedni\u010dke i pojedina\u010dne interese, kao i da im uka\u017ee na mogu\u0107nosti koje se pru\u017eaju u okviru dr\u017eavnih institucija (investicije, donacije, projekti).<\/p><p>Danas, okuplja<a href=\"https:\/\/rhcentrisrbije.rs\/clanovi-udruzenja\/\">\u00a0<strong>20 specijalnih bolnica<\/strong><\/a>\u00a0i to su najzna\u010dajnije \u00a0zdravstvene ustanove u banjama Srbije.<\/p>\t\t\t\t\t\t\t\t<\/div>\n\t\t\t\t\t<\/div>\n\t\t\t\t<\/div>\n\t\t<div class=\"elementor-element elementor-element-1c7f90e e-flex e-con-boxed e-con e-parent\" data-id=\"1c7f90e\" data-element_type=\"container\" data-e-type=\"container\">\n\t\t\t\t\t<div class=\"e-con-inner\">\n\t\t\t\t<div class=\"elementor-element elementor-element-06c6af1 elementor-widget elementor-widget-counter\" data-id=\"06c6af1\" data-element_type=\"widget\" data-e-type=\"widget\" data-widget_type=\"counter.default\">\n\t\t\t\t\t\t\t<div class=\"elementor-counter\">\n\t\t\t<div class=\"elementor-counter-title\">\u010dlanova<\/div>\t\t\t<div class=\"elementor-counter-number-wrapper\">\n\t\t\t\t<span class=\"elementor-counter-number-prefix\"><\/span>\n\t\t\t\t<span class=\"elementor-counter-number\" data-duration=\"2000\" data-to-value=\"20\" data-from-value=\"0\" data-delimiter=\",\">0<\/span>\n\t\t\t\t<span class=\"elementor-counter-number-suffix\"><\/span>\n\t\t\t<\/div>\n\t\t<\/div>\n\t\t\t\t\t\t<\/div>\n\t\t\t\t<div class=\"elementor-element elementor-element-30f88c0 elementor-widget elementor-widget-counter\" data-id=\"30f88c0\" data-element_type=\"widget\" data-e-type=\"widget\" data-widget_type=\"counter.default\">\n\t\t\t\t\t\t\t<div class=\"elementor-counter\">\n\t\t\t<div class=\"elementor-counter-title\">Lokaliteta \u0161irom Srbije<\/div>\t\t\t<div class=\"elementor-counter-number-wrapper\">\n\t\t\t\t<span class=\"elementor-counter-number-prefix\"><\/span>\n\t\t\t\t<span class=\"elementor-counter-number\" data-duration=\"2000\" data-to-value=\"20\" data-from-value=\"0\" data-delimiter=\",\">0<\/span>\n\t\t\t\t<span class=\"elementor-counter-number-suffix\"><\/span>\n\t\t\t<\/div>\n\t\t<\/div>\n\t\t\t\t\t\t<\/div>\n\t\t\t\t<div class=\"elementor-element elementor-element-51e9a61 elementor-widget elementor-widget-counter\" data-id=\"51e9a61\" data-element_type=\"widget\" data-e-type=\"widget\" data-widget_type=\"counter.default\">\n\t\t\t\t\t\t\t<div class=\"elementor-counter\">\n\t\t\t<div class=\"elementor-counter-title\">Godina tradicije udru\u017eenja<\/div>\t\t\t<div class=\"elementor-counter-number-wrapper\">\n\t\t\t\t<span class=\"elementor-counter-number-prefix\"><\/span>\n\t\t\t\t<span class=\"elementor-counter-number\" data-duration=\"2000\" data-to-value=\"45\" data-from-value=\"0\" data-delimiter=\",\">0<\/span>\n\t\t\t\t<span class=\"elementor-counter-number-suffix\"><\/span>\n\t\t\t<\/div>\n\t\t<\/div>\n\t\t\t\t\t\t<\/div>\n\t\t\t\t<div class=\"elementor-element elementor-element-d7295da elementor-widget elementor-widget-counter\" data-id=\"d7295da\" data-element_type=\"widget\" data-e-type=\"widget\" data-widget_type=\"counter.default\">\n\t\t\t\t\t\t\t<div class=\"elementor-counter\">\n\t\t\t<div class=\"elementor-counter-title\">Cool Number<\/div>\t\t\t<div class=\"elementor-counter-number-wrapper\">\n\t\t\t\t<span class=\"elementor-counter-number-prefix\"><\/span>\n\t\t\t\t<span class=\"elementor-counter-number\" data-duration=\"2000\" data-to-value=\"100\" data-from-value=\"0\" data-delimiter=\",\">0<\/span>\n\t\t\t\t<span class=\"elementor-counter-number-suffix\"><\/span>\n\t\t\t<\/div>\n\t\t<\/div>\n\t\t\t\t\t\t<\/div>\n\t\t\t\t\t<\/div>\n\t\t\t\t<\/div>\n\t\t<div class=\"elementor-element elementor-element-6ba071d e-flex e-con-boxed e-con e-parent\" data-id=\"6ba071d\" data-element_type=\"container\" data-e-type=\"container\">\n\t\t\t\t\t<div class=\"e-con-inner\">\n\t\t\t\t<div class=\"elementor-element elementor-element-ef0ca53 elementor-widget elementor-widget-text-editor\" data-id=\"ef0ca53\" data-element_type=\"widget\" data-e-type=\"widget\" data-widget_type=\"text-editor.default\">\n\t\t\t\t\t\t\t\t\t<h2 id=\"srbija--zemlja-lekovitih-izvora\" class=\"mb-2 mt-4 [.has-inline-images_&amp;]:clear-end font-editorial font-bold text-base first:mt-0\">Srbija \u2014 zemlja lekovitih izvora<\/h2><p class=\"my-2 [&amp;+p]:mt-4 [&amp;_strong:has(+br)]:inline-block [&amp;_strong:has(+br)]:pb-2\">Srbija pripada retkim zemljama sveta koje poseduju toliko raznovrsnih i obilnih izvora termomineralne vode. Sa vi\u0161e od\u00a0<strong>40 banja<\/strong>\u00a0raspore\u0111enih od Vojvodine do juga Srbije, na\u0161a zemlja je oduvek bila prirodna lekarna dostupna svima.<span class=\"inline-flex\" aria-label=\"Koje sve bolesti se le\u010de u banjama u Srbiji i koja je za koju ...\" data-state=\"closed\">\u200b<\/span><\/p><p class=\"my-2 [&amp;+p]:mt-4 [&amp;_strong:has(+br)]:inline-block [&amp;_strong:has(+br)]:pb-2\">Lekovitost srpskih banja poznata je od davnina \u2014 prve zvani\u010dne analize voda koje su potvrdile njihovu lekovitost stigle su iz\u00a0<strong>Be\u010da 1834. godine<\/strong>, za Brestova\u010dku i Ribarsku banju, a od tada se razvija posebna grana medicine poznata kao\u00a0<strong>balneologija<\/strong>.<\/p><h2 id=\"kroz-vekove--od-izvora-do-medicine\" class=\"mb-2 mt-4 [.has-inline-images_&amp;]:clear-end font-editorial font-bold text-base first:mt-0\">Kroz vekove \u2014 od izvora do medicine<\/h2><hr class=\"bg-quiet h-px border-0\" \/><p class=\"my-2 [&amp;+p]:mt-4 [&amp;_strong:has(+br)]:inline-block [&amp;_strong:has(+br)]:pb-2\"><strong>\ud83c\udffa Praistorija i Iliri<\/strong><br \/>Arheolo\u0161ki ostaci na prostoru Ribarske banje svedo\u010de da je taj prostor bio naseljen jo\u0161 u\u00a0<strong>praistorijsko doba<\/strong>. Vrnja\u010dka banja krije nalaze oru\u0111a iz\u00a0<strong>mla\u0111eg kamenog doba<\/strong>, \u0161to ukazuje da su i praistorijski narodi koristili lekovite izvore.<\/p><hr class=\"bg-quiet h-px border-0\" \/><p class=\"my-2 [&amp;+p]:mt-4 [&amp;_strong:has(+br)]:inline-block [&amp;_strong:has(+br)]:pb-2\"><strong>\u2694\ufe0f Rimsko doba (I\u2013IV vek n.e.)<\/strong><br \/>Rimljani su bili majstori balneologije. U banji\u00a0<strong>Voljav\u010da<\/strong>\u00a0le\u010dili su se rimski vojnici i visoki zvani\u010dnici, a ostaci rimskih kupali\u0161ta prona\u0111eni su na vi\u0161e lokaliteta \u0161irom Srbije. Pribojska banja, \u010dija je voda stara procenjenih\u00a0<strong>30.000 godina<\/strong>, kori\u0161\u0107ena je jo\u0161 u rimsko doba.<\/p><hr class=\"bg-quiet h-px border-0\" \/><p class=\"my-2 [&amp;+p]:mt-4 [&amp;_strong:has(+br)]:inline-block [&amp;_strong:has(+br)]:pb-2\"><strong>\ud83d\udc51 Srednji vek \u2014 Srpski vladari<\/strong><br \/>Srpski vladar\u00a0<strong>kralj Uro\u0161 I, sin Stefana Prvoven\u010danog<\/strong>, kupao se u Pribojskoj banji zajedno sa svojom vojskom i izle\u010dio vojnike. Ribarska banja bila je poznata jo\u0161 u vreme\u00a0<strong>kneginje Milice<\/strong>, a nosi ponos dugogodi\u0161nje tradicije kao deo kulturnog nasle\u0111a Srbije.<\/p><hr class=\"bg-quiet h-px border-0\" \/><p class=\"my-2 [&amp;+p]:mt-4 [&amp;_strong:has(+br)]:inline-block [&amp;_strong:has(+br)]:pb-2\"><strong>\ud83d\udcdc XVI\u2013XIX vek \u2014 Pisani tragovi<\/strong><br \/><strong>1533. godine<\/strong>\u00a0\u2014 prvi pisani izvori o Banji Kovilja\u010di bele\u017ee da su ljudi masovno dolazili na njene lekovite izvore. Prosvetitelj\u00a0<strong>Dositej Obradovi\u0107<\/strong>\u00a0dolazio je na Bukovi\u010dku banju pre 1811. godine da oporavi zdravlje. Mineralna voda sa izvora pod planinom Bukulja dono\u0161ena je na zahtev\u00a0<strong>kneza Milo\u0161a Obrenovi\u0107a<\/strong>\u00a0na dvor.<\/p><hr class=\"bg-quiet h-px border-0\" \/><p class=\"my-2 [&amp;+p]:mt-4 [&amp;_strong:has(+br)]:inline-block [&amp;_strong:has(+br)]:pb-2\"><strong>\ud83c\udfe5 1834. \u2014 Ra\u0111anje balneologije u Srbiji<\/strong><br \/>Prve nau\u010dne analize lekovitih voda, ura\u0111ene u Be\u010du, zvani\u010dno potvr\u0111uju lekovitost srpskih banja. Srbija dobija medicinsku osnovu za razvoj banjskog le\u010denja kao discipline.<span class=\"inline-flex\" aria-label=\"Koje sve bolesti se le\u010de u banjama u Srbiji i koja je za koju ...\" data-state=\"closed\">\u200b<\/span><\/p><hr class=\"bg-quiet h-px border-0\" \/><p class=\"my-2 [&amp;+p]:mt-4 [&amp;_strong:has(+br)]:inline-block [&amp;_strong:has(+br)]:pb-2\"><strong>\u2695\ufe0f 1858. \u2014 Prva medicinska regulativa<\/strong><br \/>U\u00a0<strong>Banji Kovilja\u010di<\/strong>\u00a0izgra\u0111ena je prva zgrada za sme\u0161taj gostiju sa deset soba. Te iste godine zvani\u010dno je utvr\u0111ena obaveza lekara da nadgledaju bolesnike koji koriste lekovite vode. To je bila prekretnica \u2014 banje postaju zvani\u010dne medicinske ustanove.<span class=\"inline-flex\" aria-label=\"Kraljevska banja - Banja Kovilja\u010da\" data-state=\"closed\">\u200b<\/span><\/p><hr class=\"bg-quiet h-px border-0\" \/><p class=\"my-2 [&amp;+p]:mt-4 [&amp;_strong:has(+br)]:inline-block [&amp;_strong:has(+br)]:pb-2\"><strong>\ud83c\udf3f 1863. \u2014 Industrijalizacija prirodnih resursa<\/strong><br \/>U\u00a0<strong>Bukovi\u010dkoj banji<\/strong>\u00a01863. godine zapo\u010deto je prvo ru\u010dno fla\u0161iranje mineralne vode, \u010dime je srpska mineralna voda krenula ka tr\u017ei\u0161tu. Banja postaje centar modernog i turisti\u010dkog \u017eivota Srbije 19. veka.<span class=\"inline-flex\" aria-label=\"Legende Bukovi\u010dke banje - Novinice\" data-state=\"closed\">\u200b<\/span><\/p><hr class=\"bg-quiet h-px border-0\" \/><p class=\"my-2 [&amp;+p]:mt-4 [&amp;_strong:has(+br)]:inline-block [&amp;_strong:has(+br)]:pb-2\"><strong>\ud83c\udfdb\ufe0f 1979. \u2014 Osnivanje Udru\u017eenja<\/strong><br \/>Udru\u017eenje specijalizovanih zdravstvenih ustanova za prevenciju invalidnosti i rehabilitaciju osnovano je\u00a0<strong>1979. godine<\/strong>\u00a0sa jasnom misijom \u2014 zajedni\u010dki razvoj, za\u0161tita interesa i unapre\u0111enje standarda banjskog le\u010denja u Srbiji. Do druge polovine 20. veka, banjski turizam je bio jedini razvijeni segment srpskog turizma.<span class=\"inline-flex\" aria-label=\"Istorija i potencijali Specijalne bolnice u monografiji &quot;Prvih 50 godina&quot;\" data-state=\"closed\">\u200b<\/span><\/p><hr class=\"bg-quiet h-px border-0\" \/><p class=\"my-2 [&amp;+p]:mt-4 [&amp;_strong:has(+br)]:inline-block [&amp;_strong:has(+br)]:pb-2\"><strong>\ud83d\udd2c Danas \u2014 20 specijalnih bolnica<\/strong><br \/>Udru\u017eenje danas okuplja\u00a0<strong>20 specijalnih bolnica<\/strong>\u00a0koje godi\u0161nje prime desetine hiljada pacijenata. Moderne dijagnosti\u010dke metode, fizikalna medicina i balneologija zajedno \u010dine vrhunski rehabilitacioni sistem dostupan svim osiguranicima RFZO-a.<\/p>\t\t\t\t\t\t\t\t<\/div>\n\t\t\t\t\t<\/div>\n\t\t\t\t<\/div>\n\t\t<div class=\"elementor-element elementor-element-9036cae e-flex e-con-boxed e-con e-parent\" data-id=\"9036cae\" data-element_type=\"container\" data-e-type=\"container\">\n\t\t\t\t\t<div class=\"e-con-inner\">\n\t\t\t\t<div class=\"elementor-element elementor-element-501c997 elementor-widget elementor-widget-heading\" data-id=\"501c997\" data-element_type=\"widget\" data-e-type=\"widget\" data-widget_type=\"heading.default\">\n\t\t\t\t\t<h2 class=\"elementor-heading-title elementor-size-default\">Partneri i institucije<\/h2>\t\t\t\t<\/div>\n\t\t\t\t\t<\/div>\n\t\t\t\t<\/div>\n\t\t<div class=\"elementor-element elementor-element-0839e31 e-flex e-con-boxed e-con e-parent\" data-id=\"0839e31\" data-element_type=\"container\" data-e-type=\"container\">\n\t\t\t\t\t<div class=\"e-con-inner\">\n\t\t\t\t<div class=\"elementor-element elementor-element-fc17cc3 elementor-widget elementor-widget-text-editor\" data-id=\"fc17cc3\" data-element_type=\"widget\" data-e-type=\"widget\" data-widget_type=\"text-editor.default\">\n\t\t\t\t\t\t\t\t\t<p>Udru\u017eenje aktivno sara\u0111uje sa Ministarstvom zdravlja Republike Srbije, Republi\u010dkim fondom za zdravstveno osiguranje (RFZO), Udru\u017eenjem za fizikalnu i rehabilitacionu medicinu Srbije, kao i me\u0111unarodnim balneolo\u0161kim organizacijama.<\/p>\t\t\t\t\t\t\t\t<\/div>\n\t\t\t\t\t<\/div>\n\t\t\t\t<\/div>\n\t\t<div class=\"elementor-element elementor-element-ce55658 e-flex e-con-boxed e-con e-parent\" data-id=\"ce55658\" data-element_type=\"container\" data-e-type=\"container\">\n\t\t\t\t\t<div class=\"e-con-inner\">\n\t\t\t\t\t<\/div>\n\t\t\t\t<\/div>\n\t\t\t\t<\/div>\n\t\t","protected":false},"excerpt":{"rendered":"<p>O nama Udru\u017eenje specijalizovanih zdravstvenih ustanova za prevenciju invalidnosti i rehabilitaciju Banje su u rimsko vreme bile izvor zdravlja, oaze mira, ti\u0161ine, \u010distog vazduha u kojima se \u010dovek oporavljao, odmarao, le\u010dio, sna\u017eio, oja\u010davao otpornost organizma, rekreirao, zabavljao. Sa vi\u0161e od 140 termo mineralnih izvora i 40 banja i njihovom raznoliko\u0161\u0107u,\u00a0Srbija se ubraja me\u0111u najbogatije zemlje [&hellip;]<\/p>\n","protected":false},"author":1,"featured_media":146,"parent":0,"menu_order":0,"comment_status":"closed","ping_status":"closed","template":"","meta":{"_acf_changed":false,"footnotes":""},"class_list":["post-141","page","type-page","status-publish","has-post-thumbnail","hentry"],"acf":[],"_links":{"self":[{"href":"https:\/\/banje.dpv.rs\/index.php\/wp-json\/wp\/v2\/pages\/141","targetHints":{"allow":["GET"]}}],"collection":[{"href":"https:\/\/banje.dpv.rs\/index.php\/wp-json\/wp\/v2\/pages"}],"about":[{"href":"https:\/\/banje.dpv.rs\/index.php\/wp-json\/wp\/v2\/types\/page"}],"author":[{"embeddable":true,"href":"https:\/\/banje.dpv.rs\/index.php\/wp-json\/wp\/v2\/users\/1"}],"replies":[{"embeddable":true,"href":"https:\/\/banje.dpv.rs\/index.php\/wp-json\/wp\/v2\/comments?post=141"}],"version-history":[{"count":31,"href":"https:\/\/banje.dpv.rs\/index.php\/wp-json\/wp\/v2\/pages\/141\/revisions"}],"predecessor-version":[{"id":673,"href":"https:\/\/banje.dpv.rs\/index.php\/wp-json\/wp\/v2\/pages\/141\/revisions\/673"}],"wp:featuredmedia":[{"embeddable":true,"href":"https:\/\/banje.dpv.rs\/index.php\/wp-json\/wp\/v2\/media\/146"}],"wp:attachment":[{"href":"https:\/\/banje.dpv.rs\/index.php\/wp-json\/wp\/v2\/media?parent=141"}],"curies":[{"name":"wp","href":"https:\/\/api.w.org\/{rel}","templated":true}]}}